{"id":2331,"date":"2022-08-21T12:06:50","date_gmt":"2022-08-21T10:06:50","guid":{"rendered":"https:\/\/gallant-jackson.149-202-187-63.plesk.page\/template\/?page_id=2331"},"modified":"2022-08-21T12:06:51","modified_gmt":"2022-08-21T10:06:51","slug":"de-acacias-school","status":"publish","type":"page","link":"https:\/\/club-template-fr.kiwanisbelux.net\/nl\/sociale-acties\/de-acacias-school\/","title":{"rendered":"De ACACIAS school"},"content":{"rendered":"\n<figure class=\"wp-block-image size-full\"><img decoding=\"async\" src=\"https:\/\/club-template-fr.kiwanisbelux.net\/wp-content\/uploads\/sites\/40\/2022\/07\/les_acacias-crp.jpg\" alt=\"\" class=\"wp-image-1926\" \/><\/figure>\n\n\n\n<p>L\u2019\u00e9cole \u00ab&nbsp;Les ACACIAS&nbsp;\u00bb est une \u00e9cole sp\u00e9cialis\u00e9e de Type 1 et 2 avec \u00e9galement des classes sp\u00e9cifiques pour enfants autistes.<\/p>\n\n\n\n<p>Son projet est de placer l\u2019\u00e9l\u00e8ve au centre de l\u2019action p\u00e9dagogique en mettant l\u2019accent sur la r\u00e9ussite et la valorisation de l\u2019effort.<\/p>\n\n\n\n<p>L\u2019\u00e9cole est un lieu d\u2019ouverture o\u00f9 la qualit\u00e9 de l\u2019accueil tant des parents que des \u00e9l\u00e8ves permet de cr\u00e9er un partenariat avec les parents mais aussi aux \u00e9l\u00e8ves d\u2019accepter leur diff\u00e9rence et &nbsp;de les amener \u00e0 d\u00e9velopper leurs potentiels scolaires et\/ou non scolaires.<\/p>\n\n\n\n<p>L\u2019\u00e9cole est consciente de sa mission p\u00e9dagogique. Elle favorise la concertation entre tous les acteurs des \u00e9quipes p\u00e9dagogiques, param\u00e9dicales, sociales et des partenaires ext\u00e9rieurs.<\/p>\n\n\n\n<p>Elle identifie les besoins en formation des enseignants et du personnel param\u00e9dical et soutient les initiatives prises en ce domaine.<\/p>\n\n\n\n<p>Pour atteindre ses objectifs, l\u2019\u00e9cole applique la d\u00e9marche &#8220;TEACCH&#8221; ( <em>Treatment and Education of Autistic and Related Communications Handicapped Children<\/em>).<\/p>\n","protected":false},"excerpt":{"rendered":"<p>L\u2019\u00e9cole \u00ab&nbsp;Les ACACIAS&nbsp;\u00bb est une \u00e9cole sp\u00e9cialis\u00e9e de Type 1 et 2 avec \u00e9galement des classes sp\u00e9cifiques pour enfants autistes. Son projet est de placer l\u2019\u00e9l\u00e8ve au centre de l\u2019action [&hellip;]<\/p>\n","protected":false},"author":6,"featured_media":0,"parent":2329,"menu_order":0,"comment_status":"closed","ping_status":"closed","template":"","meta":{"_et_pb_use_builder":"off","_et_pb_old_content":"","_et_gb_content_width":"","iawp_total_views":0,"footnotes":""},"class_list":["post-2331","page","type-page","status-publish","hentry"],"yoast_head":"<!-- This site is optimized with the Yoast SEO plugin v27.5 - https:\/\/yoast.com\/product\/yoast-seo-wordpress\/ -->\n<title>De ACACIAS school - Club Template FR<\/title>\n<meta name=\"robots\" content=\"noindex, follow, max-snippet:-1, max-image-preview:large, max-video-preview:-1\" \/>\n<meta property=\"og:locale\" content=\"nl_NL\" \/>\n<meta property=\"og:type\" content=\"article\" \/>\n<meta property=\"og:title\" content=\"De ACACIAS school - Club Template FR\" \/>\n<meta property=\"og:description\" content=\"L\u2019\u00e9cole \u00ab&nbsp;Les ACACIAS&nbsp;\u00bb est une \u00e9cole sp\u00e9cialis\u00e9e de Type 1 et 2 avec \u00e9galement des classes sp\u00e9cifiques pour enfants autistes. Son projet est de placer l\u2019\u00e9l\u00e8ve au centre de l\u2019action [&hellip;]\" \/>\n<meta property=\"og:url\" content=\"https:\/\/club-template-fr.kiwanisbelux.net\/nl\/sociale-acties\/de-acacias-school\/\" \/>\n<meta property=\"og:site_name\" content=\"Club Template FR\" \/>\n<meta property=\"article:modified_time\" content=\"2022-08-21T10:06:51+00:00\" \/>\n<meta property=\"og:image\" content=\"https:\/\/club-template-fr.kiwanisbelux.net\/wp-content\/uploads\/sites\/40\/2022\/07\/les_acacias-crp.jpg\" \/>\n<meta name=\"twitter:card\" content=\"summary_large_image\" \/>\n<meta name=\"twitter:label1\" content=\"Geschatte leestijd\" \/>\n\t<meta name=\"twitter:data1\" content=\"1 minuut\" \/>\n<script type=\"application\/ld+json\" class=\"yoast-schema-graph\">{\"@context\":\"https:\\\/\\\/schema.org\",\"@graph\":[{\"@type\":\"WebPage\",\"@id\":\"https:\\\/\\\/club-template-fr.kiwanisbelux.net\\\/nl\\\/sociale-acties\\\/de-acacias-school\\\/\",\"url\":\"https:\\\/\\\/club-template-fr.kiwanisbelux.net\\\/nl\\\/sociale-acties\\\/de-acacias-school\\\/\",\"name\":\"De ACACIAS school - Club Template FR\",\"isPartOf\":{\"@id\":\"https:\\\/\\\/club-template-fr.kiwanisbelux.net\\\/nl\\\/#website\"},\"primaryImageOfPage\":{\"@id\":\"https:\\\/\\\/club-template-fr.kiwanisbelux.net\\\/nl\\\/sociale-acties\\\/de-acacias-school\\\/#primaryimage\"},\"image\":{\"@id\":\"https:\\\/\\\/club-template-fr.kiwanisbelux.net\\\/nl\\\/sociale-acties\\\/de-acacias-school\\\/#primaryimage\"},\"thumbnailUrl\":\"https:\\\/\\\/club-template-fr.kiwanisbelux.net\\\/wp-content\\\/uploads\\\/sites\\\/40\\\/2022\\\/07\\\/les_acacias-crp.jpg\",\"datePublished\":\"2022-08-21T10:06:50+00:00\",\"dateModified\":\"2022-08-21T10:06:51+00:00\",\"breadcrumb\":{\"@id\":\"https:\\\/\\\/club-template-fr.kiwanisbelux.net\\\/nl\\\/sociale-acties\\\/de-acacias-school\\\/#breadcrumb\"},\"inLanguage\":\"nl-NL\",\"potentialAction\":[{\"@type\":\"ReadAction\",\"target\":[\"https:\\\/\\\/club-template-fr.kiwanisbelux.net\\\/nl\\\/sociale-acties\\\/de-acacias-school\\\/\"]}]},{\"@type\":\"ImageObject\",\"inLanguage\":\"nl-NL\",\"@id\":\"https:\\\/\\\/club-template-fr.kiwanisbelux.net\\\/nl\\\/sociale-acties\\\/de-acacias-school\\\/#primaryimage\",\"url\":\"https:\\\/\\\/club-template-fr.kiwanisbelux.net\\\/wp-content\\\/uploads\\\/sites\\\/40\\\/2022\\\/07\\\/les_acacias-crp.jpg\",\"contentUrl\":\"https:\\\/\\\/club-template-fr.kiwanisbelux.net\\\/wp-content\\\/uploads\\\/sites\\\/40\\\/2022\\\/07\\\/les_acacias-crp.jpg\"},{\"@type\":\"BreadcrumbList\",\"@id\":\"https:\\\/\\\/club-template-fr.kiwanisbelux.net\\\/nl\\\/sociale-acties\\\/de-acacias-school\\\/#breadcrumb\",\"itemListElement\":[{\"@type\":\"ListItem\",\"position\":1,\"name\":\"Home\",\"item\":\"https:\\\/\\\/club-template-fr.kiwanisbelux.net\\\/nl\\\/\"},{\"@type\":\"ListItem\",\"position\":2,\"name\":\"Sociale acties\",\"item\":\"https:\\\/\\\/club-template-fr.kiwanisbelux.net\\\/nl\\\/nos-actions\\\/\"},{\"@type\":\"ListItem\",\"position\":3,\"name\":\"De ACACIAS school\"}]},{\"@type\":\"WebSite\",\"@id\":\"https:\\\/\\\/club-template-fr.kiwanisbelux.net\\\/nl\\\/#website\",\"url\":\"https:\\\/\\\/club-template-fr.kiwanisbelux.net\\\/nl\\\/\",\"name\":\"Club Template FR\",\"description\":\"Serving the Children of the World\",\"publisher\":{\"@id\":\"https:\\\/\\\/club-template-fr.kiwanisbelux.net\\\/nl\\\/#organization\"},\"potentialAction\":[{\"@type\":\"SearchAction\",\"target\":{\"@type\":\"EntryPoint\",\"urlTemplate\":\"https:\\\/\\\/club-template-fr.kiwanisbelux.net\\\/nl\\\/?s={search_term_string}\"},\"query-input\":{\"@type\":\"PropertyValueSpecification\",\"valueRequired\":true,\"valueName\":\"search_term_string\"}}],\"inLanguage\":\"nl-NL\"},{\"@type\":\"Organization\",\"@id\":\"https:\\\/\\\/club-template-fr.kiwanisbelux.net\\\/nl\\\/#organization\",\"name\":\"Kiwanis\",\"url\":\"https:\\\/\\\/club-template-fr.kiwanisbelux.net\\\/nl\\\/\",\"logo\":{\"@type\":\"ImageObject\",\"inLanguage\":\"nl-NL\",\"@id\":\"https:\\\/\\\/club-template-fr.kiwanisbelux.net\\\/nl\\\/#\\\/schema\\\/logo\\\/image\\\/\",\"url\":\"https:\\\/\\\/\\\/wp-content\\\/uploads\\\/sites\\\/40\\\/2021\\\/04\\\/kiwanis-logo@2x.png\",\"contentUrl\":\"https:\\\/\\\/\\\/wp-content\\\/uploads\\\/sites\\\/40\\\/2021\\\/04\\\/kiwanis-logo@2x.png\",\"width\":555,\"height\":100,\"caption\":\"Kiwanis\"},\"image\":{\"@id\":\"https:\\\/\\\/club-template-fr.kiwanisbelux.net\\\/nl\\\/#\\\/schema\\\/logo\\\/image\\\/\"}}]}<\/script>\n<!-- \/ Yoast SEO plugin. -->","yoast_head_json":{"title":"De ACACIAS school - Club Template FR","robots":{"index":"noindex","follow":"follow","max-snippet":"max-snippet:-1","max-image-preview":"max-image-preview:large","max-video-preview":"max-video-preview:-1"},"og_locale":"nl_NL","og_type":"article","og_title":"De ACACIAS school - Club Template FR","og_description":"L\u2019\u00e9cole \u00ab&nbsp;Les ACACIAS&nbsp;\u00bb est une \u00e9cole sp\u00e9cialis\u00e9e de Type 1 et 2 avec \u00e9galement des classes sp\u00e9cifiques pour enfants autistes. Son projet est de placer l\u2019\u00e9l\u00e8ve au centre de l\u2019action [&hellip;]","og_url":"https:\/\/club-template-fr.kiwanisbelux.net\/nl\/sociale-acties\/de-acacias-school\/","og_site_name":"Club Template FR","article_modified_time":"2022-08-21T10:06:51+00:00","og_image":[{"url":"https:\/\/club-template-fr.kiwanisbelux.net\/wp-content\/uploads\/sites\/40\/2022\/07\/les_acacias-crp.jpg","type":"","width":"","height":""}],"twitter_card":"summary_large_image","twitter_misc":{"Geschatte leestijd":"1 minuut"},"schema":{"@context":"https:\/\/schema.org","@graph":[{"@type":"WebPage","@id":"https:\/\/club-template-fr.kiwanisbelux.net\/nl\/sociale-acties\/de-acacias-school\/","url":"https:\/\/club-template-fr.kiwanisbelux.net\/nl\/sociale-acties\/de-acacias-school\/","name":"De ACACIAS school - Club Template FR","isPartOf":{"@id":"https:\/\/club-template-fr.kiwanisbelux.net\/nl\/#website"},"primaryImageOfPage":{"@id":"https:\/\/club-template-fr.kiwanisbelux.net\/nl\/sociale-acties\/de-acacias-school\/#primaryimage"},"image":{"@id":"https:\/\/club-template-fr.kiwanisbelux.net\/nl\/sociale-acties\/de-acacias-school\/#primaryimage"},"thumbnailUrl":"https:\/\/club-template-fr.kiwanisbelux.net\/wp-content\/uploads\/sites\/40\/2022\/07\/les_acacias-crp.jpg","datePublished":"2022-08-21T10:06:50+00:00","dateModified":"2022-08-21T10:06:51+00:00","breadcrumb":{"@id":"https:\/\/club-template-fr.kiwanisbelux.net\/nl\/sociale-acties\/de-acacias-school\/#breadcrumb"},"inLanguage":"nl-NL","potentialAction":[{"@type":"ReadAction","target":["https:\/\/club-template-fr.kiwanisbelux.net\/nl\/sociale-acties\/de-acacias-school\/"]}]},{"@type":"ImageObject","inLanguage":"nl-NL","@id":"https:\/\/club-template-fr.kiwanisbelux.net\/nl\/sociale-acties\/de-acacias-school\/#primaryimage","url":"https:\/\/club-template-fr.kiwanisbelux.net\/wp-content\/uploads\/sites\/40\/2022\/07\/les_acacias-crp.jpg","contentUrl":"https:\/\/club-template-fr.kiwanisbelux.net\/wp-content\/uploads\/sites\/40\/2022\/07\/les_acacias-crp.jpg"},{"@type":"BreadcrumbList","@id":"https:\/\/club-template-fr.kiwanisbelux.net\/nl\/sociale-acties\/de-acacias-school\/#breadcrumb","itemListElement":[{"@type":"ListItem","position":1,"name":"Home","item":"https:\/\/club-template-fr.kiwanisbelux.net\/nl\/"},{"@type":"ListItem","position":2,"name":"Sociale acties","item":"https:\/\/club-template-fr.kiwanisbelux.net\/nl\/nos-actions\/"},{"@type":"ListItem","position":3,"name":"De ACACIAS school"}]},{"@type":"WebSite","@id":"https:\/\/club-template-fr.kiwanisbelux.net\/nl\/#website","url":"https:\/\/club-template-fr.kiwanisbelux.net\/nl\/","name":"Club Template FR","description":"Serving the Children of the World","publisher":{"@id":"https:\/\/club-template-fr.kiwanisbelux.net\/nl\/#organization"},"potentialAction":[{"@type":"SearchAction","target":{"@type":"EntryPoint","urlTemplate":"https:\/\/club-template-fr.kiwanisbelux.net\/nl\/?s={search_term_string}"},"query-input":{"@type":"PropertyValueSpecification","valueRequired":true,"valueName":"search_term_string"}}],"inLanguage":"nl-NL"},{"@type":"Organization","@id":"https:\/\/club-template-fr.kiwanisbelux.net\/nl\/#organization","name":"Kiwanis","url":"https:\/\/club-template-fr.kiwanisbelux.net\/nl\/","logo":{"@type":"ImageObject","inLanguage":"nl-NL","@id":"https:\/\/club-template-fr.kiwanisbelux.net\/nl\/#\/schema\/logo\/image\/","url":"https:\/\/\/wp-content\/uploads\/sites\/40\/2021\/04\/kiwanis-logo@2x.png","contentUrl":"https:\/\/\/wp-content\/uploads\/sites\/40\/2021\/04\/kiwanis-logo@2x.png","width":555,"height":100,"caption":"Kiwanis"},"image":{"@id":"https:\/\/club-template-fr.kiwanisbelux.net\/nl\/#\/schema\/logo\/image\/"}}]}},"_links":{"self":[{"href":"https:\/\/club-template-fr.kiwanisbelux.net\/nl\/wp-json\/wp\/v2\/pages\/2331","targetHints":{"allow":["GET"]}}],"collection":[{"href":"https:\/\/club-template-fr.kiwanisbelux.net\/nl\/wp-json\/wp\/v2\/pages"}],"about":[{"href":"https:\/\/club-template-fr.kiwanisbelux.net\/nl\/wp-json\/wp\/v2\/types\/page"}],"author":[{"embeddable":true,"href":"https:\/\/club-template-fr.kiwanisbelux.net\/nl\/wp-json\/wp\/v2\/users\/6"}],"replies":[{"embeddable":true,"href":"https:\/\/club-template-fr.kiwanisbelux.net\/nl\/wp-json\/wp\/v2\/comments?post=2331"}],"version-history":[{"count":0,"href":"https:\/\/club-template-fr.kiwanisbelux.net\/nl\/wp-json\/wp\/v2\/pages\/2331\/revisions"}],"up":[{"embeddable":true,"href":"https:\/\/club-template-fr.kiwanisbelux.net\/nl\/wp-json\/wp\/v2\/pages\/2329"}],"wp:attachment":[{"href":"https:\/\/club-template-fr.kiwanisbelux.net\/nl\/wp-json\/wp\/v2\/media?parent=2331"}],"curies":[{"name":"wp","href":"https:\/\/api.w.org\/{rel}","templated":true}]}}