{"id":2335,"date":"2022-08-21T12:12:34","date_gmt":"2022-08-21T10:12:34","guid":{"rendered":"https:\/\/gallant-jackson.149-202-187-63.plesk.page\/template\/?page_id=2335"},"modified":"2022-08-21T12:12:35","modified_gmt":"2022-08-21T10:12:35","slug":"reci","status":"publish","type":"page","link":"https:\/\/club-template-fr.kiwanisbelux.net\/nl\/sociale-acties\/reci\/","title":{"rendered":"R\u00e9CI"},"content":{"rendered":"\n<figure class=\"wp-block-image size-full\"><img decoding=\"async\" src=\"https:\/\/club-template-fr.kiwanisbelux.net\/wp-content\/uploads\/sites\/40\/2022\/07\/logo-v.png\" alt=\"\" class=\"wp-image-1939\" \/><\/figure>\n\n\n\n<h2 class=\"wp-block-heading\">Pr\u00e9sentation de l\u2019association R\u00e9CI-Bruxelles asbl :<\/h2>\n\n\n\n<p>Cr\u00e9\u00e9 en 1992 par des parents et par des professionnels, R\u00e9CI (R\u00e9seau de Coordination et d\u2019Intervention pour l\u2019int\u00e9gration de personnes pr\u00e9sentant un handicap moteur) a pour but le soutien au d\u00e9veloppement du bien-\u00eatre, de l\u2019autonomie, de l\u2019\u00e9panouissement personnel et de l\u2019int\u00e9gration sociale de enfants et adolescents pr\u00e9sentant d\u2019un handicap moteur.<\/p>\n\n\n\n<p>R\u00e9CI-Bruxelles est agr\u00e9\u00e9 par la COCOF en tant que <em>service d\u2019accompagnement<\/em> et <em>service d\u2019aide \u00e0 l\u2019int\u00e9gration en enseignement ordinaire<\/em>.<br>Le service accompagne chaque ann\u00e9e plus de 70 enfants et adolescents bruxellois, dont plus de la moiti\u00e9 fr\u00e9quentent l\u2019enseignement ordinaire.<\/p>\n\n\n\n<p>L\u2019\u00e9quipe compte actuellement 7 accompagnateurs (de diff\u00e9rentes formations, et dont plusieurs sont \u00e0 temps partiel) ainsi qu\u2019une directrice et une secr\u00e9taire comptable.<\/p>\n\n\n\n<h2 class=\"wp-block-heading\">Activit\u00e9s de R\u00e9CI-Bruxelles<\/h2>\n\n\n\n<ul class=\"wp-block-list\"><li>Accompagnement global<br>Gr\u00e2ce \u00e0 son \u00e9quipe multidisciplinaire, R\u00e9CI peut proposer aux enfants, aux adolescents et aux familles divers services&nbsp;: \u00e9coute, soutien psychologique, conseils en ergoth\u00e9rapie et en logop\u00e9die, appui dans les d\u00e9marches sociales, conseils d\u2019orientation scolaire,\u2026<\/li><li>Aide \u00e0 l\u2019int\u00e9gration scolaire<br>Gr\u00e2ce \u00e0 son \u00e9quipe multidisciplinaire, R\u00e9CI peut proposer aux enfants, aux adolescents et aux familles divers services&nbsp;: \u00e9coute, soutien psychologique, conseils en ergoth\u00e9rapie et en logop\u00e9die, appui dans les d\u00e9marches sociales, conseils d\u2019orientation scolaire,\u2026<\/li><li>Activit\u00e9s de loisirs<br>Nous proposons, lors des cong\u00e9s scolaires, une journ\u00e9e de loisirs, afin de permettre aux enfants et adolescents de d\u00e9couvrir des activit\u00e9s qu\u2019ils n\u2019ont pas l\u2019occasion de pratiquer en famille (journ\u00e9e cheval, journ\u00e9e clown, initiation musicale, \u2026).<\/li><\/ul>\n\n\n\n<p><em>Gr\u00e2ce au Kiwanis, plusieurs enfants ont aussi l\u2019occasion de b\u00e9n\u00e9ficier d\u2019une journ\u00e9e \u00e0 Pairi Daiza.<\/em><\/p>\n\n\n\n<p><a href=\"http:\/\/www.reci-bruxelles.be\/\" target=\"_blank\" rel=\"noreferrer noopener\">Site internet de R\u00e9CI<\/a><\/p>\n","protected":false},"excerpt":{"rendered":"<p>Pr\u00e9sentation de l\u2019association R\u00e9CI-Bruxelles asbl : Cr\u00e9\u00e9 en 1992 par des parents et par des professionnels, R\u00e9CI (R\u00e9seau de Coordination et d\u2019Intervention pour l\u2019int\u00e9gration de personnes pr\u00e9sentant un handicap moteur) [&hellip;]<\/p>\n","protected":false},"author":6,"featured_media":0,"parent":2329,"menu_order":2,"comment_status":"closed","ping_status":"closed","template":"","meta":{"_et_pb_use_builder":"off","_et_pb_old_content":"","_et_gb_content_width":"","iawp_total_views":1,"footnotes":""},"class_list":["post-2335","page","type-page","status-publish","hentry"],"yoast_head":"<!-- This site is optimized with the Yoast SEO plugin v27.5 - https:\/\/yoast.com\/product\/yoast-seo-wordpress\/ -->\n<title>R\u00e9CI - Club Template FR<\/title>\n<meta name=\"robots\" content=\"noindex, follow, max-snippet:-1, max-image-preview:large, max-video-preview:-1\" \/>\n<meta property=\"og:locale\" content=\"nl_NL\" \/>\n<meta property=\"og:type\" content=\"article\" \/>\n<meta property=\"og:title\" content=\"R\u00e9CI - Club Template FR\" \/>\n<meta property=\"og:description\" content=\"Pr\u00e9sentation de l\u2019association R\u00e9CI-Bruxelles asbl : Cr\u00e9\u00e9 en 1992 par des parents et par des professionnels, R\u00e9CI (R\u00e9seau de Coordination et d\u2019Intervention pour l\u2019int\u00e9gration de personnes pr\u00e9sentant un handicap moteur) [&hellip;]\" \/>\n<meta property=\"og:url\" content=\"https:\/\/club-template-fr.kiwanisbelux.net\/nl\/sociale-acties\/reci\/\" \/>\n<meta property=\"og:site_name\" content=\"Club Template FR\" \/>\n<meta property=\"article:modified_time\" content=\"2022-08-21T10:12:35+00:00\" \/>\n<meta property=\"og:image\" content=\"https:\/\/club-template-fr.kiwanisbelux.net\/wp-content\/uploads\/sites\/40\/2022\/07\/logo-v.png\" \/>\n<meta name=\"twitter:card\" content=\"summary_large_image\" \/>\n<meta name=\"twitter:label1\" content=\"Geschatte leestijd\" \/>\n\t<meta name=\"twitter:data1\" content=\"2 minuten\" \/>\n<script type=\"application\/ld+json\" class=\"yoast-schema-graph\">{\"@context\":\"https:\\\/\\\/schema.org\",\"@graph\":[{\"@type\":\"WebPage\",\"@id\":\"https:\\\/\\\/club-template-fr.kiwanisbelux.net\\\/nl\\\/sociale-acties\\\/reci\\\/\",\"url\":\"https:\\\/\\\/club-template-fr.kiwanisbelux.net\\\/nl\\\/sociale-acties\\\/reci\\\/\",\"name\":\"R\u00e9CI - Club Template FR\",\"isPartOf\":{\"@id\":\"https:\\\/\\\/club-template-fr.kiwanisbelux.net\\\/nl\\\/#website\"},\"primaryImageOfPage\":{\"@id\":\"https:\\\/\\\/club-template-fr.kiwanisbelux.net\\\/nl\\\/sociale-acties\\\/reci\\\/#primaryimage\"},\"image\":{\"@id\":\"https:\\\/\\\/club-template-fr.kiwanisbelux.net\\\/nl\\\/sociale-acties\\\/reci\\\/#primaryimage\"},\"thumbnailUrl\":\"https:\\\/\\\/club-template-fr.kiwanisbelux.net\\\/wp-content\\\/uploads\\\/sites\\\/40\\\/2022\\\/07\\\/logo-v.png\",\"datePublished\":\"2022-08-21T10:12:34+00:00\",\"dateModified\":\"2022-08-21T10:12:35+00:00\",\"breadcrumb\":{\"@id\":\"https:\\\/\\\/club-template-fr.kiwanisbelux.net\\\/nl\\\/sociale-acties\\\/reci\\\/#breadcrumb\"},\"inLanguage\":\"nl-NL\",\"potentialAction\":[{\"@type\":\"ReadAction\",\"target\":[\"https:\\\/\\\/club-template-fr.kiwanisbelux.net\\\/nl\\\/sociale-acties\\\/reci\\\/\"]}]},{\"@type\":\"ImageObject\",\"inLanguage\":\"nl-NL\",\"@id\":\"https:\\\/\\\/club-template-fr.kiwanisbelux.net\\\/nl\\\/sociale-acties\\\/reci\\\/#primaryimage\",\"url\":\"https:\\\/\\\/club-template-fr.kiwanisbelux.net\\\/wp-content\\\/uploads\\\/sites\\\/40\\\/2022\\\/07\\\/logo-v.png\",\"contentUrl\":\"https:\\\/\\\/club-template-fr.kiwanisbelux.net\\\/wp-content\\\/uploads\\\/sites\\\/40\\\/2022\\\/07\\\/logo-v.png\"},{\"@type\":\"BreadcrumbList\",\"@id\":\"https:\\\/\\\/club-template-fr.kiwanisbelux.net\\\/nl\\\/sociale-acties\\\/reci\\\/#breadcrumb\",\"itemListElement\":[{\"@type\":\"ListItem\",\"position\":1,\"name\":\"Home\",\"item\":\"https:\\\/\\\/club-template-fr.kiwanisbelux.net\\\/nl\\\/\"},{\"@type\":\"ListItem\",\"position\":2,\"name\":\"Sociale acties\",\"item\":\"https:\\\/\\\/club-template-fr.kiwanisbelux.net\\\/nl\\\/nos-actions\\\/\"},{\"@type\":\"ListItem\",\"position\":3,\"name\":\"R\u00e9CI\"}]},{\"@type\":\"WebSite\",\"@id\":\"https:\\\/\\\/club-template-fr.kiwanisbelux.net\\\/nl\\\/#website\",\"url\":\"https:\\\/\\\/club-template-fr.kiwanisbelux.net\\\/nl\\\/\",\"name\":\"Club Template FR\",\"description\":\"Serving the Children of the World\",\"publisher\":{\"@id\":\"https:\\\/\\\/club-template-fr.kiwanisbelux.net\\\/nl\\\/#organization\"},\"potentialAction\":[{\"@type\":\"SearchAction\",\"target\":{\"@type\":\"EntryPoint\",\"urlTemplate\":\"https:\\\/\\\/club-template-fr.kiwanisbelux.net\\\/nl\\\/?s={search_term_string}\"},\"query-input\":{\"@type\":\"PropertyValueSpecification\",\"valueRequired\":true,\"valueName\":\"search_term_string\"}}],\"inLanguage\":\"nl-NL\"},{\"@type\":\"Organization\",\"@id\":\"https:\\\/\\\/club-template-fr.kiwanisbelux.net\\\/nl\\\/#organization\",\"name\":\"Kiwanis\",\"url\":\"https:\\\/\\\/club-template-fr.kiwanisbelux.net\\\/nl\\\/\",\"logo\":{\"@type\":\"ImageObject\",\"inLanguage\":\"nl-NL\",\"@id\":\"https:\\\/\\\/club-template-fr.kiwanisbelux.net\\\/nl\\\/#\\\/schema\\\/logo\\\/image\\\/\",\"url\":\"https:\\\/\\\/\\\/wp-content\\\/uploads\\\/sites\\\/40\\\/2021\\\/04\\\/kiwanis-logo@2x.png\",\"contentUrl\":\"https:\\\/\\\/\\\/wp-content\\\/uploads\\\/sites\\\/40\\\/2021\\\/04\\\/kiwanis-logo@2x.png\",\"width\":555,\"height\":100,\"caption\":\"Kiwanis\"},\"image\":{\"@id\":\"https:\\\/\\\/club-template-fr.kiwanisbelux.net\\\/nl\\\/#\\\/schema\\\/logo\\\/image\\\/\"}}]}<\/script>\n<!-- \/ Yoast SEO plugin. -->","yoast_head_json":{"title":"R\u00e9CI - Club Template FR","robots":{"index":"noindex","follow":"follow","max-snippet":"max-snippet:-1","max-image-preview":"max-image-preview:large","max-video-preview":"max-video-preview:-1"},"og_locale":"nl_NL","og_type":"article","og_title":"R\u00e9CI - Club Template FR","og_description":"Pr\u00e9sentation de l\u2019association R\u00e9CI-Bruxelles asbl : Cr\u00e9\u00e9 en 1992 par des parents et par des professionnels, R\u00e9CI (R\u00e9seau de Coordination et d\u2019Intervention pour l\u2019int\u00e9gration de personnes pr\u00e9sentant un handicap moteur) [&hellip;]","og_url":"https:\/\/club-template-fr.kiwanisbelux.net\/nl\/sociale-acties\/reci\/","og_site_name":"Club Template FR","article_modified_time":"2022-08-21T10:12:35+00:00","og_image":[{"url":"https:\/\/club-template-fr.kiwanisbelux.net\/wp-content\/uploads\/sites\/40\/2022\/07\/logo-v.png","type":"","width":"","height":""}],"twitter_card":"summary_large_image","twitter_misc":{"Geschatte leestijd":"2 minuten"},"schema":{"@context":"https:\/\/schema.org","@graph":[{"@type":"WebPage","@id":"https:\/\/club-template-fr.kiwanisbelux.net\/nl\/sociale-acties\/reci\/","url":"https:\/\/club-template-fr.kiwanisbelux.net\/nl\/sociale-acties\/reci\/","name":"R\u00e9CI - Club Template FR","isPartOf":{"@id":"https:\/\/club-template-fr.kiwanisbelux.net\/nl\/#website"},"primaryImageOfPage":{"@id":"https:\/\/club-template-fr.kiwanisbelux.net\/nl\/sociale-acties\/reci\/#primaryimage"},"image":{"@id":"https:\/\/club-template-fr.kiwanisbelux.net\/nl\/sociale-acties\/reci\/#primaryimage"},"thumbnailUrl":"https:\/\/club-template-fr.kiwanisbelux.net\/wp-content\/uploads\/sites\/40\/2022\/07\/logo-v.png","datePublished":"2022-08-21T10:12:34+00:00","dateModified":"2022-08-21T10:12:35+00:00","breadcrumb":{"@id":"https:\/\/club-template-fr.kiwanisbelux.net\/nl\/sociale-acties\/reci\/#breadcrumb"},"inLanguage":"nl-NL","potentialAction":[{"@type":"ReadAction","target":["https:\/\/club-template-fr.kiwanisbelux.net\/nl\/sociale-acties\/reci\/"]}]},{"@type":"ImageObject","inLanguage":"nl-NL","@id":"https:\/\/club-template-fr.kiwanisbelux.net\/nl\/sociale-acties\/reci\/#primaryimage","url":"https:\/\/club-template-fr.kiwanisbelux.net\/wp-content\/uploads\/sites\/40\/2022\/07\/logo-v.png","contentUrl":"https:\/\/club-template-fr.kiwanisbelux.net\/wp-content\/uploads\/sites\/40\/2022\/07\/logo-v.png"},{"@type":"BreadcrumbList","@id":"https:\/\/club-template-fr.kiwanisbelux.net\/nl\/sociale-acties\/reci\/#breadcrumb","itemListElement":[{"@type":"ListItem","position":1,"name":"Home","item":"https:\/\/club-template-fr.kiwanisbelux.net\/nl\/"},{"@type":"ListItem","position":2,"name":"Sociale acties","item":"https:\/\/club-template-fr.kiwanisbelux.net\/nl\/nos-actions\/"},{"@type":"ListItem","position":3,"name":"R\u00e9CI"}]},{"@type":"WebSite","@id":"https:\/\/club-template-fr.kiwanisbelux.net\/nl\/#website","url":"https:\/\/club-template-fr.kiwanisbelux.net\/nl\/","name":"Club Template FR","description":"Serving the Children of the World","publisher":{"@id":"https:\/\/club-template-fr.kiwanisbelux.net\/nl\/#organization"},"potentialAction":[{"@type":"SearchAction","target":{"@type":"EntryPoint","urlTemplate":"https:\/\/club-template-fr.kiwanisbelux.net\/nl\/?s={search_term_string}"},"query-input":{"@type":"PropertyValueSpecification","valueRequired":true,"valueName":"search_term_string"}}],"inLanguage":"nl-NL"},{"@type":"Organization","@id":"https:\/\/club-template-fr.kiwanisbelux.net\/nl\/#organization","name":"Kiwanis","url":"https:\/\/club-template-fr.kiwanisbelux.net\/nl\/","logo":{"@type":"ImageObject","inLanguage":"nl-NL","@id":"https:\/\/club-template-fr.kiwanisbelux.net\/nl\/#\/schema\/logo\/image\/","url":"https:\/\/\/wp-content\/uploads\/sites\/40\/2021\/04\/kiwanis-logo@2x.png","contentUrl":"https:\/\/\/wp-content\/uploads\/sites\/40\/2021\/04\/kiwanis-logo@2x.png","width":555,"height":100,"caption":"Kiwanis"},"image":{"@id":"https:\/\/club-template-fr.kiwanisbelux.net\/nl\/#\/schema\/logo\/image\/"}}]}},"_links":{"self":[{"href":"https:\/\/club-template-fr.kiwanisbelux.net\/nl\/wp-json\/wp\/v2\/pages\/2335","targetHints":{"allow":["GET"]}}],"collection":[{"href":"https:\/\/club-template-fr.kiwanisbelux.net\/nl\/wp-json\/wp\/v2\/pages"}],"about":[{"href":"https:\/\/club-template-fr.kiwanisbelux.net\/nl\/wp-json\/wp\/v2\/types\/page"}],"author":[{"embeddable":true,"href":"https:\/\/club-template-fr.kiwanisbelux.net\/nl\/wp-json\/wp\/v2\/users\/6"}],"replies":[{"embeddable":true,"href":"https:\/\/club-template-fr.kiwanisbelux.net\/nl\/wp-json\/wp\/v2\/comments?post=2335"}],"version-history":[{"count":0,"href":"https:\/\/club-template-fr.kiwanisbelux.net\/nl\/wp-json\/wp\/v2\/pages\/2335\/revisions"}],"up":[{"embeddable":true,"href":"https:\/\/club-template-fr.kiwanisbelux.net\/nl\/wp-json\/wp\/v2\/pages\/2329"}],"wp:attachment":[{"href":"https:\/\/club-template-fr.kiwanisbelux.net\/nl\/wp-json\/wp\/v2\/media?parent=2335"}],"curies":[{"name":"wp","href":"https:\/\/api.w.org\/{rel}","templated":true}]}}