{"id":2337,"date":"2022-08-21T12:15:52","date_gmt":"2022-08-21T10:15:52","guid":{"rendered":"https:\/\/gallant-jackson.149-202-187-63.plesk.page\/template\/?page_id=2337"},"modified":"2022-08-21T12:15:53","modified_gmt":"2022-08-21T10:15:53","slug":"kiwanis-kerst-in-the-stad-2017","status":"publish","type":"page","link":"https:\/\/club-template-fr.kiwanisbelux.net\/nl\/sociale-acties\/kiwanis-kerst-in-the-stad-2017\/","title":{"rendered":"Kiwanis Kerst in the stad 2017"},"content":{"rendered":"\n<p>Qu&#8217;il vente, g\u00e8le \u00e0 pierre fendre, qu&#8217;il neige et qu&#8217;un verglas par endroit rend les routes dangereuses, les petits gars du club de Dilbeek \u00e9taient fid\u00e8les au poste. T\u00e2ches qui ont \u00e9t\u00e9 \u00e9tablies suivant un horaire&nbsp; pour la journ\u00e9e. D\u00e8s le matin t\u00f4t quelques volontaires peaufinent par un froid de canard un minimum de confort pour accueillir les b\u00e9n\u00e9voles. N&#8217;oublions pas le caf\u00e9-th\u00e9 et la soupe pr\u00e9par\u00e9s par une des &#8221;tr\u00e8s&#8221; charmantes \u00e9pouses. Rappelons \u00e9galement que quelques jours avant l&#8217;op\u00e9ration certains membres ont distribu\u00e9 des &#8221;flyers&#8221; dans les bo\u00eetes aux lettres des environs et distribu\u00e9 avec commentaires aux visiteurs du march\u00e9 de No\u00ebl au ch\u00e2teau du Karreveld.<\/p>\n\n\n\n<figure class=\"wp-block-image size-large is-resized\"><img loading=\"lazy\" decoding=\"async\" src=\"https:\/\/club-template-fr.kiwanisbelux.net\/wp-content\/uploads\/sites\/40\/2022\/07\/IMG_20171210_104249crop-lr-1024x747.jpg\" alt=\"\" class=\"wp-image-1949\" width=\"318\" height=\"231\" \/><figcaption>dav<\/figcaption><\/figure>\n\n\n\n<p>Tr\u00e8s rapidement les chalands se sont pr\u00e9sent\u00e9s avec les dons, jouets, habillement pour enfants de tous \u00e2ges, alimentation non p\u00e9rissable etc&#8230;.&nbsp; Nous avons \u00e9galement b\u00e9n\u00e9fici\u00e9 de la visite de notre Lt. Gouverneur et comme chaque ann\u00e9e en milieu de journ\u00e9e un bus de la STIB accompagn\u00e9 de tr\u00e8s charmantes h\u00f4tesses &#8221;radio Nostalgie&#8221; a charg\u00e9 les dons d\u00e9j\u00e0 r\u00e9colt\u00e9s pour les amener au lieu de rassemblement o\u00f9 plusieurs \u0153uvres ont pu faire leurs choix.Bien que la quantit\u00e9 de dons recueillis fut l\u00e9g\u00e8rement moindre que l&#8217;an pass\u00e9 ce fut une magnifique journ\u00e9e r\u00e9pondant parfaitement \u00e0 nos objectifs sociaux.<\/p>\n\n\n\n<p>Bravo et merci \u00e0 tous.&nbsp;<\/p>\n","protected":false},"excerpt":{"rendered":"<p>Qu&#8217;il vente, g\u00e8le \u00e0 pierre fendre, qu&#8217;il neige et qu&#8217;un verglas par endroit rend les routes dangereuses, les petits gars du club de Dilbeek \u00e9taient fid\u00e8les au poste. T\u00e2ches qui [&hellip;]<\/p>\n","protected":false},"author":6,"featured_media":0,"parent":2329,"menu_order":3,"comment_status":"closed","ping_status":"closed","template":"","meta":{"_et_pb_use_builder":"off","_et_pb_old_content":"","_et_gb_content_width":"","iawp_total_views":0,"footnotes":""},"class_list":["post-2337","page","type-page","status-publish","hentry"],"yoast_head":"<!-- This site is optimized with the Yoast SEO plugin v27.5 - https:\/\/yoast.com\/product\/yoast-seo-wordpress\/ -->\n<title>Kiwanis Kerst in the stad 2017 - Club Template FR<\/title>\n<meta name=\"robots\" content=\"noindex, follow, max-snippet:-1, max-image-preview:large, max-video-preview:-1\" \/>\n<meta property=\"og:locale\" content=\"nl_NL\" \/>\n<meta property=\"og:type\" content=\"article\" \/>\n<meta property=\"og:title\" content=\"Kiwanis Kerst in the stad 2017 - Club Template FR\" \/>\n<meta property=\"og:description\" content=\"Qu&#8217;il vente, g\u00e8le \u00e0 pierre fendre, qu&#8217;il neige et qu&#8217;un verglas par endroit rend les routes dangereuses, les petits gars du club de Dilbeek \u00e9taient fid\u00e8les au poste. T\u00e2ches qui [&hellip;]\" \/>\n<meta property=\"og:url\" content=\"https:\/\/club-template-fr.kiwanisbelux.net\/nl\/sociale-acties\/kiwanis-kerst-in-the-stad-2017\/\" \/>\n<meta property=\"og:site_name\" content=\"Club Template FR\" \/>\n<meta property=\"article:modified_time\" content=\"2022-08-21T10:15:53+00:00\" \/>\n<meta property=\"og:image\" content=\"https:\/\/club-template-fr.kiwanisbelux.net\/wp-content\/uploads\/sites\/40\/2022\/07\/IMG_20171210_104249crop-lr-1024x747.jpg\" \/>\n<meta name=\"twitter:card\" content=\"summary_large_image\" \/>\n<meta name=\"twitter:label1\" content=\"Geschatte leestijd\" \/>\n\t<meta name=\"twitter:data1\" content=\"2 minuten\" \/>\n<script type=\"application\/ld+json\" class=\"yoast-schema-graph\">{\"@context\":\"https:\\\/\\\/schema.org\",\"@graph\":[{\"@type\":\"WebPage\",\"@id\":\"https:\\\/\\\/club-template-fr.kiwanisbelux.net\\\/nl\\\/sociale-acties\\\/kiwanis-kerst-in-the-stad-2017\\\/\",\"url\":\"https:\\\/\\\/club-template-fr.kiwanisbelux.net\\\/nl\\\/sociale-acties\\\/kiwanis-kerst-in-the-stad-2017\\\/\",\"name\":\"Kiwanis Kerst in the stad 2017 - Club Template FR\",\"isPartOf\":{\"@id\":\"https:\\\/\\\/club-template-fr.kiwanisbelux.net\\\/nl\\\/#website\"},\"primaryImageOfPage\":{\"@id\":\"https:\\\/\\\/club-template-fr.kiwanisbelux.net\\\/nl\\\/sociale-acties\\\/kiwanis-kerst-in-the-stad-2017\\\/#primaryimage\"},\"image\":{\"@id\":\"https:\\\/\\\/club-template-fr.kiwanisbelux.net\\\/nl\\\/sociale-acties\\\/kiwanis-kerst-in-the-stad-2017\\\/#primaryimage\"},\"thumbnailUrl\":\"https:\\\/\\\/club-template-fr.kiwanisbelux.net\\\/wp-content\\\/uploads\\\/sites\\\/40\\\/2022\\\/07\\\/IMG_20171210_104249crop-lr-1024x747.jpg\",\"datePublished\":\"2022-08-21T10:15:52+00:00\",\"dateModified\":\"2022-08-21T10:15:53+00:00\",\"breadcrumb\":{\"@id\":\"https:\\\/\\\/club-template-fr.kiwanisbelux.net\\\/nl\\\/sociale-acties\\\/kiwanis-kerst-in-the-stad-2017\\\/#breadcrumb\"},\"inLanguage\":\"nl-NL\",\"potentialAction\":[{\"@type\":\"ReadAction\",\"target\":[\"https:\\\/\\\/club-template-fr.kiwanisbelux.net\\\/nl\\\/sociale-acties\\\/kiwanis-kerst-in-the-stad-2017\\\/\"]}]},{\"@type\":\"ImageObject\",\"inLanguage\":\"nl-NL\",\"@id\":\"https:\\\/\\\/club-template-fr.kiwanisbelux.net\\\/nl\\\/sociale-acties\\\/kiwanis-kerst-in-the-stad-2017\\\/#primaryimage\",\"url\":\"https:\\\/\\\/club-template-fr.kiwanisbelux.net\\\/wp-content\\\/uploads\\\/sites\\\/40\\\/2022\\\/07\\\/IMG_20171210_104249crop-lr-1024x747.jpg\",\"contentUrl\":\"https:\\\/\\\/club-template-fr.kiwanisbelux.net\\\/wp-content\\\/uploads\\\/sites\\\/40\\\/2022\\\/07\\\/IMG_20171210_104249crop-lr-1024x747.jpg\"},{\"@type\":\"BreadcrumbList\",\"@id\":\"https:\\\/\\\/club-template-fr.kiwanisbelux.net\\\/nl\\\/sociale-acties\\\/kiwanis-kerst-in-the-stad-2017\\\/#breadcrumb\",\"itemListElement\":[{\"@type\":\"ListItem\",\"position\":1,\"name\":\"Home\",\"item\":\"https:\\\/\\\/club-template-fr.kiwanisbelux.net\\\/nl\\\/\"},{\"@type\":\"ListItem\",\"position\":2,\"name\":\"Sociale acties\",\"item\":\"https:\\\/\\\/club-template-fr.kiwanisbelux.net\\\/nl\\\/nos-actions\\\/\"},{\"@type\":\"ListItem\",\"position\":3,\"name\":\"Kiwanis Kerst in the stad 2017\"}]},{\"@type\":\"WebSite\",\"@id\":\"https:\\\/\\\/club-template-fr.kiwanisbelux.net\\\/nl\\\/#website\",\"url\":\"https:\\\/\\\/club-template-fr.kiwanisbelux.net\\\/nl\\\/\",\"name\":\"Club Template FR\",\"description\":\"Serving the Children of the World\",\"publisher\":{\"@id\":\"https:\\\/\\\/club-template-fr.kiwanisbelux.net\\\/nl\\\/#organization\"},\"potentialAction\":[{\"@type\":\"SearchAction\",\"target\":{\"@type\":\"EntryPoint\",\"urlTemplate\":\"https:\\\/\\\/club-template-fr.kiwanisbelux.net\\\/nl\\\/?s={search_term_string}\"},\"query-input\":{\"@type\":\"PropertyValueSpecification\",\"valueRequired\":true,\"valueName\":\"search_term_string\"}}],\"inLanguage\":\"nl-NL\"},{\"@type\":\"Organization\",\"@id\":\"https:\\\/\\\/club-template-fr.kiwanisbelux.net\\\/nl\\\/#organization\",\"name\":\"Kiwanis\",\"url\":\"https:\\\/\\\/club-template-fr.kiwanisbelux.net\\\/nl\\\/\",\"logo\":{\"@type\":\"ImageObject\",\"inLanguage\":\"nl-NL\",\"@id\":\"https:\\\/\\\/club-template-fr.kiwanisbelux.net\\\/nl\\\/#\\\/schema\\\/logo\\\/image\\\/\",\"url\":\"https:\\\/\\\/\\\/wp-content\\\/uploads\\\/sites\\\/40\\\/2021\\\/04\\\/kiwanis-logo@2x.png\",\"contentUrl\":\"https:\\\/\\\/\\\/wp-content\\\/uploads\\\/sites\\\/40\\\/2021\\\/04\\\/kiwanis-logo@2x.png\",\"width\":555,\"height\":100,\"caption\":\"Kiwanis\"},\"image\":{\"@id\":\"https:\\\/\\\/club-template-fr.kiwanisbelux.net\\\/nl\\\/#\\\/schema\\\/logo\\\/image\\\/\"}}]}<\/script>\n<!-- \/ Yoast SEO plugin. -->","yoast_head_json":{"title":"Kiwanis Kerst in the stad 2017 - Club Template FR","robots":{"index":"noindex","follow":"follow","max-snippet":"max-snippet:-1","max-image-preview":"max-image-preview:large","max-video-preview":"max-video-preview:-1"},"og_locale":"nl_NL","og_type":"article","og_title":"Kiwanis Kerst in the stad 2017 - Club Template FR","og_description":"Qu&#8217;il vente, g\u00e8le \u00e0 pierre fendre, qu&#8217;il neige et qu&#8217;un verglas par endroit rend les routes dangereuses, les petits gars du club de Dilbeek \u00e9taient fid\u00e8les au poste. T\u00e2ches qui [&hellip;]","og_url":"https:\/\/club-template-fr.kiwanisbelux.net\/nl\/sociale-acties\/kiwanis-kerst-in-the-stad-2017\/","og_site_name":"Club Template FR","article_modified_time":"2022-08-21T10:15:53+00:00","og_image":[{"url":"https:\/\/club-template-fr.kiwanisbelux.net\/wp-content\/uploads\/sites\/40\/2022\/07\/IMG_20171210_104249crop-lr-1024x747.jpg","type":"","width":"","height":""}],"twitter_card":"summary_large_image","twitter_misc":{"Geschatte leestijd":"2 minuten"},"schema":{"@context":"https:\/\/schema.org","@graph":[{"@type":"WebPage","@id":"https:\/\/club-template-fr.kiwanisbelux.net\/nl\/sociale-acties\/kiwanis-kerst-in-the-stad-2017\/","url":"https:\/\/club-template-fr.kiwanisbelux.net\/nl\/sociale-acties\/kiwanis-kerst-in-the-stad-2017\/","name":"Kiwanis Kerst in the stad 2017 - Club Template FR","isPartOf":{"@id":"https:\/\/club-template-fr.kiwanisbelux.net\/nl\/#website"},"primaryImageOfPage":{"@id":"https:\/\/club-template-fr.kiwanisbelux.net\/nl\/sociale-acties\/kiwanis-kerst-in-the-stad-2017\/#primaryimage"},"image":{"@id":"https:\/\/club-template-fr.kiwanisbelux.net\/nl\/sociale-acties\/kiwanis-kerst-in-the-stad-2017\/#primaryimage"},"thumbnailUrl":"https:\/\/club-template-fr.kiwanisbelux.net\/wp-content\/uploads\/sites\/40\/2022\/07\/IMG_20171210_104249crop-lr-1024x747.jpg","datePublished":"2022-08-21T10:15:52+00:00","dateModified":"2022-08-21T10:15:53+00:00","breadcrumb":{"@id":"https:\/\/club-template-fr.kiwanisbelux.net\/nl\/sociale-acties\/kiwanis-kerst-in-the-stad-2017\/#breadcrumb"},"inLanguage":"nl-NL","potentialAction":[{"@type":"ReadAction","target":["https:\/\/club-template-fr.kiwanisbelux.net\/nl\/sociale-acties\/kiwanis-kerst-in-the-stad-2017\/"]}]},{"@type":"ImageObject","inLanguage":"nl-NL","@id":"https:\/\/club-template-fr.kiwanisbelux.net\/nl\/sociale-acties\/kiwanis-kerst-in-the-stad-2017\/#primaryimage","url":"https:\/\/club-template-fr.kiwanisbelux.net\/wp-content\/uploads\/sites\/40\/2022\/07\/IMG_20171210_104249crop-lr-1024x747.jpg","contentUrl":"https:\/\/club-template-fr.kiwanisbelux.net\/wp-content\/uploads\/sites\/40\/2022\/07\/IMG_20171210_104249crop-lr-1024x747.jpg"},{"@type":"BreadcrumbList","@id":"https:\/\/club-template-fr.kiwanisbelux.net\/nl\/sociale-acties\/kiwanis-kerst-in-the-stad-2017\/#breadcrumb","itemListElement":[{"@type":"ListItem","position":1,"name":"Home","item":"https:\/\/club-template-fr.kiwanisbelux.net\/nl\/"},{"@type":"ListItem","position":2,"name":"Sociale acties","item":"https:\/\/club-template-fr.kiwanisbelux.net\/nl\/nos-actions\/"},{"@type":"ListItem","position":3,"name":"Kiwanis Kerst in the stad 2017"}]},{"@type":"WebSite","@id":"https:\/\/club-template-fr.kiwanisbelux.net\/nl\/#website","url":"https:\/\/club-template-fr.kiwanisbelux.net\/nl\/","name":"Club Template FR","description":"Serving the Children of the World","publisher":{"@id":"https:\/\/club-template-fr.kiwanisbelux.net\/nl\/#organization"},"potentialAction":[{"@type":"SearchAction","target":{"@type":"EntryPoint","urlTemplate":"https:\/\/club-template-fr.kiwanisbelux.net\/nl\/?s={search_term_string}"},"query-input":{"@type":"PropertyValueSpecification","valueRequired":true,"valueName":"search_term_string"}}],"inLanguage":"nl-NL"},{"@type":"Organization","@id":"https:\/\/club-template-fr.kiwanisbelux.net\/nl\/#organization","name":"Kiwanis","url":"https:\/\/club-template-fr.kiwanisbelux.net\/nl\/","logo":{"@type":"ImageObject","inLanguage":"nl-NL","@id":"https:\/\/club-template-fr.kiwanisbelux.net\/nl\/#\/schema\/logo\/image\/","url":"https:\/\/\/wp-content\/uploads\/sites\/40\/2021\/04\/kiwanis-logo@2x.png","contentUrl":"https:\/\/\/wp-content\/uploads\/sites\/40\/2021\/04\/kiwanis-logo@2x.png","width":555,"height":100,"caption":"Kiwanis"},"image":{"@id":"https:\/\/club-template-fr.kiwanisbelux.net\/nl\/#\/schema\/logo\/image\/"}}]}},"_links":{"self":[{"href":"https:\/\/club-template-fr.kiwanisbelux.net\/nl\/wp-json\/wp\/v2\/pages\/2337","targetHints":{"allow":["GET"]}}],"collection":[{"href":"https:\/\/club-template-fr.kiwanisbelux.net\/nl\/wp-json\/wp\/v2\/pages"}],"about":[{"href":"https:\/\/club-template-fr.kiwanisbelux.net\/nl\/wp-json\/wp\/v2\/types\/page"}],"author":[{"embeddable":true,"href":"https:\/\/club-template-fr.kiwanisbelux.net\/nl\/wp-json\/wp\/v2\/users\/6"}],"replies":[{"embeddable":true,"href":"https:\/\/club-template-fr.kiwanisbelux.net\/nl\/wp-json\/wp\/v2\/comments?post=2337"}],"version-history":[{"count":0,"href":"https:\/\/club-template-fr.kiwanisbelux.net\/nl\/wp-json\/wp\/v2\/pages\/2337\/revisions"}],"up":[{"embeddable":true,"href":"https:\/\/club-template-fr.kiwanisbelux.net\/nl\/wp-json\/wp\/v2\/pages\/2329"}],"wp:attachment":[{"href":"https:\/\/club-template-fr.kiwanisbelux.net\/nl\/wp-json\/wp\/v2\/media?parent=2337"}],"curies":[{"name":"wp","href":"https:\/\/api.w.org\/{rel}","templated":true}]}}